{"id":496,"date":"2017-09-25T11:36:33","date_gmt":"2017-09-25T11:36:33","guid":{"rendered":"https:\/\/novaspicesabor.com\/contact\/"},"modified":"2023-08-18T16:13:53","modified_gmt":"2023-08-18T16:13:53","slug":"contact","status":"publish","type":"page","link":"https:\/\/novaspicesabor.com\/en\/contact\/","title":{"rendered":"Contact"},"content":{"rendered":"","protected":false},"excerpt":{"rendered":"","protected":false},"author":1,"featured_media":0,"parent":0,"menu_order":0,"comment_status":"closed","ping_status":"closed","template":"","meta":{"_joinchat":[],"footnotes":""},"class_list":["post-496","page","type-page","status-publish","hentry"],"yoast_head":"<!-- This site is optimized with the Yoast SEO plugin v27.4 - https:\/\/yoast.com\/product\/yoast-seo-wordpress\/ -->\n<title>Contact - Novaspice Sabor<\/title>\n<meta name=\"description\" content=\"You can contact us via WhatsApp, phone call or through our contact form without obligation.\" \/>\n<meta name=\"robots\" content=\"index, follow, max-snippet:-1, max-image-preview:large, max-video-preview:-1\" \/>\n<link rel=\"canonical\" href=\"https:\/\/novaspicesabor.com\/en\/contact\/\" \/>\n<meta property=\"og:locale\" content=\"en_US\" \/>\n<meta property=\"og:type\" content=\"article\" \/>\n<meta property=\"og:title\" content=\"Contact - Novaspice Sabor\" \/>\n<meta property=\"og:description\" content=\"You can contact us via WhatsApp, phone call or through our contact form without obligation.\" \/>\n<meta property=\"og:url\" content=\"https:\/\/novaspicesabor.com\/en\/contact\/\" \/>\n<meta property=\"og:site_name\" content=\"Novaspice Sabor\" \/>\n<meta property=\"article:modified_time\" content=\"2023-08-18T16:13:53+00:00\" \/>\n<meta property=\"og:image\" content=\"https:\/\/novaspicesabor.com\/wp-content\/uploads\/2023\/02\/Logo-transparente.png\" \/>\n\t<meta property=\"og:image:width\" content=\"2480\" \/>\n\t<meta property=\"og:image:height\" content=\"2356\" \/>\n\t<meta property=\"og:image:type\" content=\"image\/png\" \/>\n<meta name=\"twitter:card\" content=\"summary_large_image\" \/>\n<script type=\"application\/ld+json\" class=\"yoast-schema-graph\">{\"@context\":\"https:\\\/\\\/schema.org\",\"@graph\":[{\"@type\":\"WebPage\",\"@id\":\"https:\\\/\\\/novaspicesabor.com\\\/en\\\/contact\\\/\",\"url\":\"https:\\\/\\\/novaspicesabor.com\\\/en\\\/contact\\\/\",\"name\":\"Contact - Novaspice Sabor\",\"isPartOf\":{\"@id\":\"https:\\\/\\\/novaspicesabor.com\\\/en\\\/#website\"},\"datePublished\":\"2017-09-25T11:36:33+00:00\",\"dateModified\":\"2023-08-18T16:13:53+00:00\",\"description\":\"You can contact us via WhatsApp, phone call or through our contact form without obligation.\",\"breadcrumb\":{\"@id\":\"https:\\\/\\\/novaspicesabor.com\\\/en\\\/contact\\\/#breadcrumb\"},\"inLanguage\":\"en-US\",\"potentialAction\":[{\"@type\":\"ReadAction\",\"target\":[\"https:\\\/\\\/novaspicesabor.com\\\/en\\\/contact\\\/\"]}]},{\"@type\":\"BreadcrumbList\",\"@id\":\"https:\\\/\\\/novaspicesabor.com\\\/en\\\/contact\\\/#breadcrumb\",\"itemListElement\":[{\"@type\":\"ListItem\",\"position\":1,\"name\":\"Portada\",\"item\":\"https:\\\/\\\/novaspicesabor.com\\\/en\\\/\"},{\"@type\":\"ListItem\",\"position\":2,\"name\":\"Contact\"}]},{\"@type\":\"WebSite\",\"@id\":\"https:\\\/\\\/novaspicesabor.com\\\/en\\\/#website\",\"url\":\"https:\\\/\\\/novaspicesabor.com\\\/en\\\/\",\"name\":\"Novaspice Sabor\",\"description\":\"Somos especialistas en sazonadores y preparados destinados para la industria c\u00e1rnica y de la conserva, con f\u00f3rmulas desarrolladas por nuestro departamento t\u00e9cnico\",\"publisher\":{\"@id\":\"https:\\\/\\\/novaspicesabor.com\\\/en\\\/#organization\"},\"potentialAction\":[{\"@type\":\"SearchAction\",\"target\":{\"@type\":\"EntryPoint\",\"urlTemplate\":\"https:\\\/\\\/novaspicesabor.com\\\/en\\\/?s={search_term_string}\"},\"query-input\":{\"@type\":\"PropertyValueSpecification\",\"valueRequired\":true,\"valueName\":\"search_term_string\"}}],\"inLanguage\":\"en-US\"},{\"@type\":\"Organization\",\"@id\":\"https:\\\/\\\/novaspicesabor.com\\\/en\\\/#organization\",\"name\":\"Novaspice Sabor\",\"url\":\"https:\\\/\\\/novaspicesabor.com\\\/en\\\/\",\"logo\":{\"@type\":\"ImageObject\",\"inLanguage\":\"en-US\",\"@id\":\"https:\\\/\\\/novaspicesabor.com\\\/en\\\/#\\\/schema\\\/logo\\\/image\\\/\",\"url\":\"https:\\\/\\\/novaspicesabor.com\\\/wp-content\\\/uploads\\\/2023\\\/03\\\/Novaspice_circular.png\",\"contentUrl\":\"https:\\\/\\\/novaspicesabor.com\\\/wp-content\\\/uploads\\\/2023\\\/03\\\/Novaspice_circular.png\",\"width\":1313,\"height\":1093,\"caption\":\"Novaspice Sabor\"},\"image\":{\"@id\":\"https:\\\/\\\/novaspicesabor.com\\\/en\\\/#\\\/schema\\\/logo\\\/image\\\/\"}}]}<\/script>\n<!-- \/ Yoast SEO plugin. -->","yoast_head_json":{"title":"Contact - Novaspice Sabor","description":"You can contact us via WhatsApp, phone call or through our contact form without obligation.","robots":{"index":"index","follow":"follow","max-snippet":"max-snippet:-1","max-image-preview":"max-image-preview:large","max-video-preview":"max-video-preview:-1"},"canonical":"https:\/\/novaspicesabor.com\/en\/contact\/","og_locale":"en_US","og_type":"article","og_title":"Contact - Novaspice Sabor","og_description":"You can contact us via WhatsApp, phone call or through our contact form without obligation.","og_url":"https:\/\/novaspicesabor.com\/en\/contact\/","og_site_name":"Novaspice Sabor","article_modified_time":"2023-08-18T16:13:53+00:00","og_image":[{"width":2480,"height":2356,"url":"https:\/\/novaspicesabor.com\/wp-content\/uploads\/2023\/02\/Logo-transparente.png","type":"image\/png"}],"twitter_card":"summary_large_image","schema":{"@context":"https:\/\/schema.org","@graph":[{"@type":"WebPage","@id":"https:\/\/novaspicesabor.com\/en\/contact\/","url":"https:\/\/novaspicesabor.com\/en\/contact\/","name":"Contact - Novaspice Sabor","isPartOf":{"@id":"https:\/\/novaspicesabor.com\/en\/#website"},"datePublished":"2017-09-25T11:36:33+00:00","dateModified":"2023-08-18T16:13:53+00:00","description":"You can contact us via WhatsApp, phone call or through our contact form without obligation.","breadcrumb":{"@id":"https:\/\/novaspicesabor.com\/en\/contact\/#breadcrumb"},"inLanguage":"en-US","potentialAction":[{"@type":"ReadAction","target":["https:\/\/novaspicesabor.com\/en\/contact\/"]}]},{"@type":"BreadcrumbList","@id":"https:\/\/novaspicesabor.com\/en\/contact\/#breadcrumb","itemListElement":[{"@type":"ListItem","position":1,"name":"Portada","item":"https:\/\/novaspicesabor.com\/en\/"},{"@type":"ListItem","position":2,"name":"Contact"}]},{"@type":"WebSite","@id":"https:\/\/novaspicesabor.com\/en\/#website","url":"https:\/\/novaspicesabor.com\/en\/","name":"Novaspice Sabor","description":"Somos especialistas en sazonadores y preparados destinados para la industria c\u00e1rnica y de la conserva, con f\u00f3rmulas desarrolladas por nuestro departamento t\u00e9cnico","publisher":{"@id":"https:\/\/novaspicesabor.com\/en\/#organization"},"potentialAction":[{"@type":"SearchAction","target":{"@type":"EntryPoint","urlTemplate":"https:\/\/novaspicesabor.com\/en\/?s={search_term_string}"},"query-input":{"@type":"PropertyValueSpecification","valueRequired":true,"valueName":"search_term_string"}}],"inLanguage":"en-US"},{"@type":"Organization","@id":"https:\/\/novaspicesabor.com\/en\/#organization","name":"Novaspice Sabor","url":"https:\/\/novaspicesabor.com\/en\/","logo":{"@type":"ImageObject","inLanguage":"en-US","@id":"https:\/\/novaspicesabor.com\/en\/#\/schema\/logo\/image\/","url":"https:\/\/novaspicesabor.com\/wp-content\/uploads\/2023\/03\/Novaspice_circular.png","contentUrl":"https:\/\/novaspicesabor.com\/wp-content\/uploads\/2023\/03\/Novaspice_circular.png","width":1313,"height":1093,"caption":"Novaspice Sabor"},"image":{"@id":"https:\/\/novaspicesabor.com\/en\/#\/schema\/logo\/image\/"}}]}},"_links":{"self":[{"href":"https:\/\/novaspicesabor.com\/en\/wp-json\/wp\/v2\/pages\/496","targetHints":{"allow":["GET"]}}],"collection":[{"href":"https:\/\/novaspicesabor.com\/en\/wp-json\/wp\/v2\/pages"}],"about":[{"href":"https:\/\/novaspicesabor.com\/en\/wp-json\/wp\/v2\/types\/page"}],"author":[{"embeddable":true,"href":"https:\/\/novaspicesabor.com\/en\/wp-json\/wp\/v2\/users\/1"}],"replies":[{"embeddable":true,"href":"https:\/\/novaspicesabor.com\/en\/wp-json\/wp\/v2\/comments?post=496"}],"version-history":[{"count":1,"href":"https:\/\/novaspicesabor.com\/en\/wp-json\/wp\/v2\/pages\/496\/revisions"}],"predecessor-version":[{"id":510,"href":"https:\/\/novaspicesabor.com\/en\/wp-json\/wp\/v2\/pages\/496\/revisions\/510"}],"wp:attachment":[{"href":"https:\/\/novaspicesabor.com\/en\/wp-json\/wp\/v2\/media?parent=496"}],"curies":[{"name":"wp","href":"https:\/\/api.w.org\/{rel}","templated":true}]}}